{"id":1647,"date":"2021-05-19T12:52:31","date_gmt":"2021-05-19T10:52:31","guid":{"rendered":"https:\/\/secure.dk\/kontakt-metalstoeberi-dk\/"},"modified":"2025-09-16T17:02:29","modified_gmt":"2025-09-16T15:02:29","slug":"contact-aluminum-casting","status":"publish","type":"page","link":"https:\/\/secure.dk\/en\/contact-aluminum-casting\/","title":{"rendered":"Contact"},"content":{"rendered":"","protected":false},"excerpt":{"rendered":"","protected":false},"author":1,"featured_media":1396,"parent":0,"menu_order":0,"comment_status":"closed","ping_status":"closed","template":"","meta":[],"acf":[],"yoast_head":"<!-- This site is optimized with the Yoast SEO plugin v21.5 - https:\/\/yoast.com\/wordpress\/plugins\/seo\/ -->\n<title>Contact - A\/S Secure Metalst\u00f8beri<\/title>\n<meta name=\"description\" content=\"We are specialist in aluminum casting &amp; Machining. Aluminum casting for the industry. One supplier: Five casting methods + 3D print. Contact\" \/>\n<meta name=\"robots\" content=\"index, follow, max-snippet:-1, max-image-preview:large, max-video-preview:-1\" \/>\n<link rel=\"canonical\" href=\"https:\/\/secure.dk\/en\/contact-aluminum-casting\/\" \/>\n<meta property=\"og:locale\" content=\"en_US\" \/>\n<meta property=\"og:type\" content=\"article\" \/>\n<meta property=\"og:title\" content=\"Contact - A\/S Secure Metalst\u00f8beri\" \/>\n<meta property=\"og:description\" content=\"We are specialist in aluminum casting &amp; Machining. Aluminum casting for the industry. One supplier: Five casting methods + 3D print. Contact\" \/>\n<meta property=\"og:url\" content=\"https:\/\/secure.dk\/en\/contact-aluminum-casting\/\" \/>\n<meta property=\"og:site_name\" content=\"A\/S Secure Metalst\u00f8beri\" \/>\n<meta property=\"article:modified_time\" content=\"2025-09-16T15:02:29+00:00\" \/>\n<meta property=\"og:image\" content=\"https:\/\/secure.dk\/wp-content\/uploads\/2023\/12\/stoeberi-bearbejdning-20221.jpg\" \/>\n\t<meta property=\"og:image:width\" content=\"1000\" \/>\n\t<meta property=\"og:image:height\" content=\"474\" \/>\n\t<meta property=\"og:image:type\" content=\"image\/jpeg\" \/>\n<meta name=\"twitter:card\" content=\"summary_large_image\" \/>\n<!-- \/ Yoast SEO plugin. -->","yoast_head_json":{"title":"Contact - A\/S Secure Metalst\u00f8beri","description":"We are specialist in aluminum casting & Machining. Aluminum casting for the industry. One supplier: Five casting methods + 3D print. Contact","robots":{"index":"index","follow":"follow","max-snippet":"max-snippet:-1","max-image-preview":"max-image-preview:large","max-video-preview":"max-video-preview:-1"},"canonical":"https:\/\/secure.dk\/en\/contact-aluminum-casting\/","og_locale":"en_US","og_type":"article","og_title":"Contact - A\/S Secure Metalst\u00f8beri","og_description":"We are specialist in aluminum casting & Machining. Aluminum casting for the industry. One supplier: Five casting methods + 3D print. Contact","og_url":"https:\/\/secure.dk\/en\/contact-aluminum-casting\/","og_site_name":"A\/S Secure Metalst\u00f8beri","article_modified_time":"2025-09-16T15:02:29+00:00","og_image":[{"width":1000,"height":474,"url":"https:\/\/secure.dk\/wp-content\/uploads\/2023\/12\/stoeberi-bearbejdning-20221.jpg","type":"image\/jpeg"}],"twitter_card":"summary_large_image","schema":{"@context":"https:\/\/schema.org","@graph":[{"@type":"WebPage","@id":"https:\/\/secure.dk\/en\/contact-aluminum-casting\/","url":"https:\/\/secure.dk\/en\/contact-aluminum-casting\/","name":"Contact - A\/S Secure Metalst\u00f8beri","isPartOf":{"@id":"https:\/\/secure.dk\/en\/#website"},"datePublished":"2021-05-19T10:52:31+00:00","dateModified":"2025-09-16T15:02:29+00:00","description":"We are specialist in aluminum casting & Machining. Aluminum casting for the industry. One supplier: Five casting methods + 3D print. Contact","breadcrumb":{"@id":"https:\/\/secure.dk\/en\/contact-aluminum-casting\/#breadcrumb"},"inLanguage":"en-US","potentialAction":[{"@type":"ReadAction","target":["https:\/\/secure.dk\/en\/contact-aluminum-casting\/"]}]},{"@type":"BreadcrumbList","@id":"https:\/\/secure.dk\/en\/contact-aluminum-casting\/#breadcrumb","itemListElement":[{"@type":"ListItem","position":1,"name":"Hjem","item":"https:\/\/secure.dk\/en\/"},{"@type":"ListItem","position":2,"name":"Contact"}]},{"@type":"WebSite","@id":"https:\/\/secure.dk\/en\/#website","url":"https:\/\/secure.dk\/en\/","name":"A\/S Secure Metalst\u00f8beri","description":"Vi tilbyder st\u00f8bning, bearbejdning og overfladebehandling i aluminium. 5 forskellige st\u00f8bemetoder + 3D print til prototyper. En leverand\u00f8r: Fra id\u00e9 til montage klart produkt...","potentialAction":[{"@type":"SearchAction","target":{"@type":"EntryPoint","urlTemplate":"https:\/\/secure.dk\/en\/?s={search_term_string}"},"query-input":"required name=search_term_string"}],"inLanguage":"en-US"}]}},"_links":{"self":[{"href":"https:\/\/secure.dk\/en\/wp-json\/wp\/v2\/pages\/1647"}],"collection":[{"href":"https:\/\/secure.dk\/en\/wp-json\/wp\/v2\/pages"}],"about":[{"href":"https:\/\/secure.dk\/en\/wp-json\/wp\/v2\/types\/page"}],"author":[{"embeddable":true,"href":"https:\/\/secure.dk\/en\/wp-json\/wp\/v2\/users\/1"}],"replies":[{"embeddable":true,"href":"https:\/\/secure.dk\/en\/wp-json\/wp\/v2\/comments?post=1647"}],"version-history":[{"count":15,"href":"https:\/\/secure.dk\/en\/wp-json\/wp\/v2\/pages\/1647\/revisions"}],"predecessor-version":[{"id":2640,"href":"https:\/\/secure.dk\/en\/wp-json\/wp\/v2\/pages\/1647\/revisions\/2640"}],"wp:featuredmedia":[{"embeddable":true,"href":"https:\/\/secure.dk\/en\/wp-json\/wp\/v2\/media\/1396"}],"wp:attachment":[{"href":"https:\/\/secure.dk\/en\/wp-json\/wp\/v2\/media?parent=1647"}],"curies":[{"name":"wp","href":"https:\/\/api.w.org\/{rel}","templated":true}]}}