{"id":1635,"date":"2021-05-20T13:58:28","date_gmt":"2021-05-20T11:58:28","guid":{"rendered":"https:\/\/secure.dk\/om-os\/"},"modified":"2024-03-13T10:24:02","modified_gmt":"2024-03-13T09:24:02","slug":"about-us","status":"publish","type":"page","link":"https:\/\/secure.dk\/en\/about-us\/","title":{"rendered":"About us"},"content":{"rendered":"<p class=\"p1\">For more than 80 years, A\/S Secure Foundry has built a strong foundation with long-term business relationships. A\/S Secure has developed into an international casting and machining company, who not only produce for the customers&#8217; specific requirements, but also advises on the optimal casting process, as well as production adaptation and sourcing etc.<\/p>\n<p class=\"p1\"><strong>General Manager Kim Brincker states:<\/strong><\/p>\n<ul>\n<li>\n<p class=\"p1\">On the 8th of September 1942 my grandfather received a certificate of employment as a metal moulder.<span class=\"Apple-converted-space\">\u00a0<\/span><\/p>\n<\/li>\n<li>\n<p class=\"p1\">In 1942, Secure was located in a backyard in Copenhagen with a sand foundry on the ground floor and processing on the first floor.<\/p>\n<\/li>\n<li class=\"li1\">\n<p class=\"p1\">In 1965, my father takes over and moves the company to Farum and Skensved.<span class=\"Apple-converted-space\">\u00a0<\/span><\/p>\n<p class=\"p1\">CNC machines are introduced and expanded with 5 different casting methods via a network of foundries in Denmark, Sweden, Poland and Turkey. The customers are large industrial companies in Scandinavia.<\/p>\n<\/li>\n<li>\n<p class=\"p1\">In September 1998 I (Kim Brincker) joined the company, and the customer base expands with international high-tech industrial companies.<\/p>\n<\/li>\n<li>\n<p class=\"p1\">In 2004, the collaboration with our Chinese supplier starts. After many years of good partnership, Secure is the sole dealer in Scandinavia and on the top 3 customer list.<\/p>\n<\/li>\n<\/ul>\n<p class=\"p1\">Secure is a well-founded company, with a strong international network, and we have a very good sales platform to offer our customers. We are proud of our employees and our business relationships &#8211; and of the development that has been created. We are proud of our customers and the trust they place in us.<\/p>\n<p>Kind regards,<br \/>\nA\/S Secure, Kim Brincker, <em>Third generation General Manager &amp; 25 year anniversary in 2023<\/em><\/p>\n<p><img decoding=\"async\" loading=\"lazy\" class=\"aligncenter size-large-1600 wp-image-1283\" src=\"https:\/\/secure.dk\/wp-content\/uploads\/2024\/01\/stoeberi-aluminium-virksomhed-histore-secure-1600x1200.jpg\" alt=\"\" width=\"1600\" height=\"1200\" srcset=\"https:\/\/secure.dk\/wp-content\/uploads\/2024\/01\/stoeberi-aluminium-virksomhed-histore-secure-1600x1200.jpg 1600w, https:\/\/secure.dk\/wp-content\/uploads\/2024\/01\/stoeberi-aluminium-virksomhed-histore-secure-600x450.jpg 600w, https:\/\/secure.dk\/wp-content\/uploads\/2024\/01\/stoeberi-aluminium-virksomhed-histore-secure-1920x1440.jpg 1920w, https:\/\/secure.dk\/wp-content\/uploads\/2024\/01\/stoeberi-aluminium-virksomhed-histore-secure-768x576.jpg 768w, https:\/\/secure.dk\/wp-content\/uploads\/2024\/01\/stoeberi-aluminium-virksomhed-histore-secure-1536x1152.jpg 1536w, https:\/\/secure.dk\/wp-content\/uploads\/2024\/01\/stoeberi-aluminium-virksomhed-histore-secure-1024x768.jpg 1024w, https:\/\/secure.dk\/wp-content\/uploads\/2024\/01\/stoeberi-aluminium-virksomhed-histore-secure-1200x900.jpg 1200w, https:\/\/secure.dk\/wp-content\/uploads\/2024\/01\/stoeberi-aluminium-virksomhed-histore-secure-1366x1025.jpg 1366w, https:\/\/secure.dk\/wp-content\/uploads\/2024\/01\/stoeberi-aluminium-virksomhed-histore-secure.jpg 2016w\" sizes=\"(min-width: 1200px) 1200px, 100vw\" \/><\/p>\n<ul>\n<li>\n<p class=\"p1\">On the 8th of September 1942 my grandfather Henri Brincker received a certificate of employment as a metal moulder:<\/p>\n<\/li>\n<\/ul>\n<p><img decoding=\"async\" loading=\"lazy\" class=\"aligncenter size-full wp-image-2055\" src=\"https:\/\/secure.dk\/wp-content\/uploads\/2024\/03\/stoebe-historie-stoeberi-danmark.jpg\" alt=\"St\u00f8beriets historie\" width=\"1512\" height=\"2016\" srcset=\"https:\/\/secure.dk\/wp-content\/uploads\/2024\/03\/stoebe-historie-stoeberi-danmark.jpg 1512w, https:\/\/secure.dk\/wp-content\/uploads\/2024\/03\/stoebe-historie-stoeberi-danmark-450x600.jpg 450w, https:\/\/secure.dk\/wp-content\/uploads\/2024\/03\/stoebe-historie-stoeberi-danmark-1440x1920.jpg 1440w, https:\/\/secure.dk\/wp-content\/uploads\/2024\/03\/stoebe-historie-stoeberi-danmark-768x1024.jpg 768w, https:\/\/secure.dk\/wp-content\/uploads\/2024\/03\/stoebe-historie-stoeberi-danmark-1152x1536.jpg 1152w, https:\/\/secure.dk\/wp-content\/uploads\/2024\/03\/stoebe-historie-stoeberi-danmark-900x1200.jpg 900w, https:\/\/secure.dk\/wp-content\/uploads\/2024\/03\/stoebe-historie-stoeberi-danmark-1025x1366.jpg 1025w, https:\/\/secure.dk\/wp-content\/uploads\/2024\/03\/stoebe-historie-stoeberi-danmark-1200x1600.jpg 1200w\" sizes=\"(min-width: 1200px) 1200px, 100vw\" \/><\/p>\n","protected":false},"excerpt":{"rendered":"<p>For more than 80 years, A\/S Secure Foundry has built a strong foundation with long-term business relationships. A\/S Secure has developed into an international casting and machining company, who not only produce for the customers&#8217; specific requirements, but also advises on the optimal casting process, as well as production adaptation and sourcing etc. General Manager&#8230;<\/p>\n","protected":false},"author":1,"featured_media":0,"parent":0,"menu_order":0,"comment_status":"closed","ping_status":"closed","template":"","meta":[],"acf":[],"yoast_head":"<!-- This site is optimized with the Yoast SEO plugin v21.5 - https:\/\/yoast.com\/wordpress\/plugins\/seo\/ -->\n<title>About us - A\/S Secure Metalst\u00f8beri<\/title>\n<meta name=\"description\" content=\"Our foundry has existed for more than 80 years. Production in both Denmark and China. Cast parts in aluminum to the industry sector...\" \/>\n<meta name=\"robots\" content=\"index, follow, max-snippet:-1, max-image-preview:large, max-video-preview:-1\" \/>\n<link rel=\"canonical\" href=\"https:\/\/secure.dk\/en\/about-us\/\" \/>\n<meta property=\"og:locale\" content=\"en_US\" \/>\n<meta property=\"og:type\" content=\"article\" \/>\n<meta property=\"og:title\" content=\"About us - A\/S Secure Metalst\u00f8beri\" \/>\n<meta property=\"og:description\" content=\"Our foundry has existed for more than 80 years. Production in both Denmark and China. Cast parts in aluminum to the industry sector...\" \/>\n<meta property=\"og:url\" content=\"https:\/\/secure.dk\/en\/about-us\/\" \/>\n<meta property=\"og:site_name\" content=\"A\/S Secure Metalst\u00f8beri\" \/>\n<meta property=\"article:modified_time\" content=\"2024-03-13T09:24:02+00:00\" \/>\n<meta property=\"og:image\" content=\"https:\/\/secure.dk\/wp-content\/uploads\/2024\/01\/stoeberi-aluminium-virksomhed-histore-secure-1600x1200.jpg\" \/>\n<meta name=\"twitter:card\" content=\"summary_large_image\" \/>\n<meta name=\"twitter:label1\" content=\"Est. reading time\" \/>\n\t<meta name=\"twitter:data1\" content=\"2 minutes\" \/>\n<!-- \/ Yoast SEO plugin. -->","yoast_head_json":{"title":"About us - A\/S Secure Metalst\u00f8beri","description":"Our foundry has existed for more than 80 years. Production in both Denmark and China. Cast parts in aluminum to the industry sector...","robots":{"index":"index","follow":"follow","max-snippet":"max-snippet:-1","max-image-preview":"max-image-preview:large","max-video-preview":"max-video-preview:-1"},"canonical":"https:\/\/secure.dk\/en\/about-us\/","og_locale":"en_US","og_type":"article","og_title":"About us - A\/S Secure Metalst\u00f8beri","og_description":"Our foundry has existed for more than 80 years. Production in both Denmark and China. Cast parts in aluminum to the industry sector...","og_url":"https:\/\/secure.dk\/en\/about-us\/","og_site_name":"A\/S Secure Metalst\u00f8beri","article_modified_time":"2024-03-13T09:24:02+00:00","og_image":[{"url":"https:\/\/secure.dk\/wp-content\/uploads\/2024\/01\/stoeberi-aluminium-virksomhed-histore-secure-1600x1200.jpg"}],"twitter_card":"summary_large_image","twitter_misc":{"Est. reading time":"2 minutes"},"schema":{"@context":"https:\/\/schema.org","@graph":[{"@type":"WebPage","@id":"https:\/\/secure.dk\/en\/about-us\/","url":"https:\/\/secure.dk\/en\/about-us\/","name":"About us - A\/S Secure Metalst\u00f8beri","isPartOf":{"@id":"https:\/\/secure.dk\/en\/#website"},"datePublished":"2021-05-20T11:58:28+00:00","dateModified":"2024-03-13T09:24:02+00:00","description":"Our foundry has existed for more than 80 years. Production in both Denmark and China. Cast parts in aluminum to the industry sector...","breadcrumb":{"@id":"https:\/\/secure.dk\/en\/about-us\/#breadcrumb"},"inLanguage":"en-US","potentialAction":[{"@type":"ReadAction","target":["https:\/\/secure.dk\/en\/about-us\/"]}]},{"@type":"BreadcrumbList","@id":"https:\/\/secure.dk\/en\/about-us\/#breadcrumb","itemListElement":[{"@type":"ListItem","position":1,"name":"Hjem","item":"https:\/\/secure.dk\/en\/"},{"@type":"ListItem","position":2,"name":"About us"}]},{"@type":"WebSite","@id":"https:\/\/secure.dk\/en\/#website","url":"https:\/\/secure.dk\/en\/","name":"A\/S Secure Metalst\u00f8beri","description":"Vi tilbyder st\u00f8bning, bearbejdning og overfladebehandling i aluminium. 5 forskellige st\u00f8bemetoder + 3D print til prototyper. En leverand\u00f8r: Fra id\u00e9 til montage klart produkt...","potentialAction":[{"@type":"SearchAction","target":{"@type":"EntryPoint","urlTemplate":"https:\/\/secure.dk\/en\/?s={search_term_string}"},"query-input":"required name=search_term_string"}],"inLanguage":"en-US"}]}},"_links":{"self":[{"href":"https:\/\/secure.dk\/en\/wp-json\/wp\/v2\/pages\/1635"}],"collection":[{"href":"https:\/\/secure.dk\/en\/wp-json\/wp\/v2\/pages"}],"about":[{"href":"https:\/\/secure.dk\/en\/wp-json\/wp\/v2\/types\/page"}],"author":[{"embeddable":true,"href":"https:\/\/secure.dk\/en\/wp-json\/wp\/v2\/users\/1"}],"replies":[{"embeddable":true,"href":"https:\/\/secure.dk\/en\/wp-json\/wp\/v2\/comments?post=1635"}],"version-history":[{"count":10,"href":"https:\/\/secure.dk\/en\/wp-json\/wp\/v2\/pages\/1635\/revisions"}],"predecessor-version":[{"id":2064,"href":"https:\/\/secure.dk\/en\/wp-json\/wp\/v2\/pages\/1635\/revisions\/2064"}],"wp:attachment":[{"href":"https:\/\/secure.dk\/en\/wp-json\/wp\/v2\/media?parent=1635"}],"curies":[{"name":"wp","href":"https:\/\/api.w.org\/{rel}","templated":true}]}}