{"id":1632,"date":"2023-12-15T13:57:53","date_gmt":"2023-12-15T12:57:53","guid":{"rendered":"https:\/\/secure.dk\/galleri-stoeberi-dk\/"},"modified":"2025-02-25T13:55:45","modified_gmt":"2025-02-25T12:55:45","slug":"gallery","status":"publish","type":"page","link":"https:\/\/secure.dk\/en\/gallery\/","title":{"rendered":"Gallery"},"content":{"rendered":"","protected":false},"excerpt":{"rendered":"","protected":false},"author":1,"featured_media":1443,"parent":0,"menu_order":0,"comment_status":"closed","ping_status":"closed","template":"","meta":[],"acf":[],"yoast_head":"<!-- This site is optimized with the Yoast SEO plugin v21.5 - https:\/\/yoast.com\/wordpress\/plugins\/seo\/ -->\n<title>Aluminum Foundry - Casting &amp; Machining<\/title>\n<meta name=\"description\" content=\"In our gallery you can see aluminum casting &amp; Machining photos from our aluminum foundry. Casting &amp; Machining of aluminum parts...\" \/>\n<meta name=\"robots\" content=\"index, follow, max-snippet:-1, max-image-preview:large, max-video-preview:-1\" \/>\n<link rel=\"canonical\" href=\"https:\/\/secure.dk\/en\/gallery\/\" \/>\n<meta property=\"og:locale\" content=\"en_US\" \/>\n<meta property=\"og:type\" content=\"article\" \/>\n<meta property=\"og:title\" content=\"Aluminum Foundry - Casting &amp; Machining\" \/>\n<meta property=\"og:description\" content=\"In our gallery you can see aluminum casting &amp; Machining photos from our aluminum foundry. Casting &amp; Machining of aluminum parts...\" \/>\n<meta property=\"og:url\" content=\"https:\/\/secure.dk\/en\/gallery\/\" \/>\n<meta property=\"og:site_name\" content=\"A\/S Secure Metalst\u00f8beri\" \/>\n<meta property=\"article:modified_time\" content=\"2025-02-25T12:55:45+00:00\" \/>\n<meta property=\"og:image\" content=\"https:\/\/secure.dk\/wp-content\/uploads\/2023\/12\/12022016-031841du0dv.jpg\" \/>\n\t<meta property=\"og:image:width\" content=\"320\" \/>\n\t<meta property=\"og:image:height\" content=\"310\" \/>\n\t<meta property=\"og:image:type\" content=\"image\/jpeg\" \/>\n<meta name=\"twitter:card\" content=\"summary_large_image\" \/>\n<!-- \/ Yoast SEO plugin. -->","yoast_head_json":{"title":"Aluminum Foundry - Casting & Machining","description":"In our gallery you can see aluminum casting & Machining photos from our aluminum foundry. Casting & Machining of aluminum parts...","robots":{"index":"index","follow":"follow","max-snippet":"max-snippet:-1","max-image-preview":"max-image-preview:large","max-video-preview":"max-video-preview:-1"},"canonical":"https:\/\/secure.dk\/en\/gallery\/","og_locale":"en_US","og_type":"article","og_title":"Aluminum Foundry - Casting & Machining","og_description":"In our gallery you can see aluminum casting & Machining photos from our aluminum foundry. Casting & Machining of aluminum parts...","og_url":"https:\/\/secure.dk\/en\/gallery\/","og_site_name":"A\/S Secure Metalst\u00f8beri","article_modified_time":"2025-02-25T12:55:45+00:00","og_image":[{"width":320,"height":310,"url":"https:\/\/secure.dk\/wp-content\/uploads\/2023\/12\/12022016-031841du0dv.jpg","type":"image\/jpeg"}],"twitter_card":"summary_large_image","schema":{"@context":"https:\/\/schema.org","@graph":[{"@type":"WebPage","@id":"https:\/\/secure.dk\/en\/gallery\/","url":"https:\/\/secure.dk\/en\/gallery\/","name":"Aluminum Foundry - Casting & Machining","isPartOf":{"@id":"https:\/\/secure.dk\/en\/#website"},"datePublished":"2023-12-15T12:57:53+00:00","dateModified":"2025-02-25T12:55:45+00:00","description":"In our gallery you can see aluminum casting & Machining photos from our aluminum foundry. Casting & Machining of aluminum parts...","breadcrumb":{"@id":"https:\/\/secure.dk\/en\/gallery\/#breadcrumb"},"inLanguage":"en-US","potentialAction":[{"@type":"ReadAction","target":["https:\/\/secure.dk\/en\/gallery\/"]}]},{"@type":"BreadcrumbList","@id":"https:\/\/secure.dk\/en\/gallery\/#breadcrumb","itemListElement":[{"@type":"ListItem","position":1,"name":"Hjem","item":"https:\/\/secure.dk\/en\/"},{"@type":"ListItem","position":2,"name":"Gallery"}]},{"@type":"WebSite","@id":"https:\/\/secure.dk\/en\/#website","url":"https:\/\/secure.dk\/en\/","name":"A\/S Secure Metalst\u00f8beri","description":"Vi tilbyder st\u00f8bning, bearbejdning og overfladebehandling i aluminium. 5 forskellige st\u00f8bemetoder + 3D print til prototyper. En leverand\u00f8r: Fra id\u00e9 til montage klart produkt...","potentialAction":[{"@type":"SearchAction","target":{"@type":"EntryPoint","urlTemplate":"https:\/\/secure.dk\/en\/?s={search_term_string}"},"query-input":"required name=search_term_string"}],"inLanguage":"en-US"}]}},"_links":{"self":[{"href":"https:\/\/secure.dk\/en\/wp-json\/wp\/v2\/pages\/1632"}],"collection":[{"href":"https:\/\/secure.dk\/en\/wp-json\/wp\/v2\/pages"}],"about":[{"href":"https:\/\/secure.dk\/en\/wp-json\/wp\/v2\/types\/page"}],"author":[{"embeddable":true,"href":"https:\/\/secure.dk\/en\/wp-json\/wp\/v2\/users\/1"}],"replies":[{"embeddable":true,"href":"https:\/\/secure.dk\/en\/wp-json\/wp\/v2\/comments?post=1632"}],"version-history":[{"count":15,"href":"https:\/\/secure.dk\/en\/wp-json\/wp\/v2\/pages\/1632\/revisions"}],"predecessor-version":[{"id":2589,"href":"https:\/\/secure.dk\/en\/wp-json\/wp\/v2\/pages\/1632\/revisions\/2589"}],"wp:featuredmedia":[{"embeddable":true,"href":"https:\/\/secure.dk\/en\/wp-json\/wp\/v2\/media\/1443"}],"wp:attachment":[{"href":"https:\/\/secure.dk\/en\/wp-json\/wp\/v2\/media?parent=1632"}],"curies":[{"name":"wp","href":"https:\/\/api.w.org\/{rel}","templated":true}]}}