{"id":1620,"date":"2023-12-15T11:19:10","date_gmt":"2023-12-15T10:19:10","guid":{"rendered":"https:\/\/secure.dk\/lamper-stoebte-dk\/"},"modified":"2024-03-20T14:50:22","modified_gmt":"2024-03-20T13:50:22","slug":"lamp","status":"publish","type":"page","link":"https:\/\/secure.dk\/en\/lamp\/","title":{"rendered":"Lamps"},"content":{"rendered":"<h2>Case: Outdoor lamps cast in aluminum<\/h2>\n<p class=\"p1\">Aluminum has the advantage that it does not rust and is therefore suitable for outdoor use. For many years, we have supplied cast aluminum lamp parts and other parts to out-door lighting companies.<\/p>\n<p class=\"p1\"><strong>Case:<\/strong> We cast the lamps in China at a low price, the lamps are finished in Denmark at our foundry. This way, we ensure a high quality and we get a complicated product at an attractive price. The best of two worlds, China and Denmark. Since 2004 we have been cooperating with our Chinese partner; a die casting\/metal foundry in China.<\/p>\n<p class=\"p1\">Below in the photos you can see the cast aluminum lamps casted and machined by us, A\/S Secure Aluminum Foundry.<\/p>\n<p><img decoding=\"async\" loading=\"lazy\" class=\"alignnone size-full wp-image-871\" src=\"https:\/\/secure.dk\/wp-content\/uploads\/2023\/12\/stoebte-emner-lampe-fra-secure-alu-stoebning2.jpg\" alt=\"\" width=\"1000\" height=\"300\" srcset=\"https:\/\/secure.dk\/wp-content\/uploads\/2023\/12\/stoebte-emner-lampe-fra-secure-alu-stoebning2.jpg 1000w, https:\/\/secure.dk\/wp-content\/uploads\/2023\/12\/stoebte-emner-lampe-fra-secure-alu-stoebning2-600x180.jpg 600w, https:\/\/secure.dk\/wp-content\/uploads\/2023\/12\/stoebte-emner-lampe-fra-secure-alu-stoebning2-768x230.jpg 768w\" sizes=\"(min-width: 1200px) 1200px, 100vw\" \/><\/p>\n<p>We can also cast your next project in aluminum. Feel free to contact us. Together we can discuss your aluminum needs.<\/p>\n","protected":false},"excerpt":{"rendered":"<p>Case: Outdoor lamps cast in aluminum Aluminum has the advantage that it does not rust and is therefore suitable for outdoor use. For many years, we have supplied cast aluminum lamp parts and other parts to out-door lighting companies. Case: We cast the lamps in China at a low price, the lamps are finished in&#8230;<\/p>\n","protected":false},"author":1,"featured_media":0,"parent":0,"menu_order":0,"comment_status":"closed","ping_status":"closed","template":"","meta":[],"acf":[],"yoast_head":"<!-- This site is optimized with the Yoast SEO plugin v21.5 - https:\/\/yoast.com\/wordpress\/plugins\/seo\/ -->\n<title>Solid-cast lamps in aluminum<\/title>\n<meta name=\"description\" content=\"Case: Outdoor lamps cast in aluminum. Aluminum has the advantage that it does not rust and is therefore suitable for outdoor use...\" \/>\n<meta name=\"robots\" content=\"index, follow, max-snippet:-1, max-image-preview:large, max-video-preview:-1\" \/>\n<link rel=\"canonical\" href=\"https:\/\/secure.dk\/en\/lamp\/\" \/>\n<meta property=\"og:locale\" content=\"en_US\" \/>\n<meta property=\"og:type\" content=\"article\" \/>\n<meta property=\"og:title\" content=\"Solid-cast lamps in aluminum\" \/>\n<meta property=\"og:description\" content=\"Case: Outdoor lamps cast in aluminum. Aluminum has the advantage that it does not rust and is therefore suitable for outdoor use...\" \/>\n<meta property=\"og:url\" content=\"https:\/\/secure.dk\/en\/lamp\/\" \/>\n<meta property=\"og:site_name\" content=\"A\/S Secure Metalst\u00f8beri\" \/>\n<meta property=\"article:modified_time\" content=\"2024-03-20T13:50:22+00:00\" \/>\n<meta property=\"og:image\" content=\"https:\/\/secure.dk\/wp-content\/uploads\/2023\/12\/stoebte-emner-lampe-fra-secure-alu-stoebning2.jpg\" \/>\n<meta name=\"twitter:card\" content=\"summary_large_image\" \/>\n<meta name=\"twitter:label1\" content=\"Est. reading time\" \/>\n\t<meta name=\"twitter:data1\" content=\"1 minute\" \/>\n<!-- \/ Yoast SEO plugin. -->","yoast_head_json":{"title":"Solid-cast lamps in aluminum","description":"Case: Outdoor lamps cast in aluminum. Aluminum has the advantage that it does not rust and is therefore suitable for outdoor use...","robots":{"index":"index","follow":"follow","max-snippet":"max-snippet:-1","max-image-preview":"max-image-preview:large","max-video-preview":"max-video-preview:-1"},"canonical":"https:\/\/secure.dk\/en\/lamp\/","og_locale":"en_US","og_type":"article","og_title":"Solid-cast lamps in aluminum","og_description":"Case: Outdoor lamps cast in aluminum. Aluminum has the advantage that it does not rust and is therefore suitable for outdoor use...","og_url":"https:\/\/secure.dk\/en\/lamp\/","og_site_name":"A\/S Secure Metalst\u00f8beri","article_modified_time":"2024-03-20T13:50:22+00:00","og_image":[{"url":"https:\/\/secure.dk\/wp-content\/uploads\/2023\/12\/stoebte-emner-lampe-fra-secure-alu-stoebning2.jpg"}],"twitter_card":"summary_large_image","twitter_misc":{"Est. reading time":"1 minute"},"schema":{"@context":"https:\/\/schema.org","@graph":[{"@type":"WebPage","@id":"https:\/\/secure.dk\/en\/lamp\/","url":"https:\/\/secure.dk\/en\/lamp\/","name":"Solid-cast lamps in aluminum","isPartOf":{"@id":"https:\/\/secure.dk\/en\/#website"},"datePublished":"2023-12-15T10:19:10+00:00","dateModified":"2024-03-20T13:50:22+00:00","description":"Case: Outdoor lamps cast in aluminum. Aluminum has the advantage that it does not rust and is therefore suitable for outdoor use...","breadcrumb":{"@id":"https:\/\/secure.dk\/en\/lamp\/#breadcrumb"},"inLanguage":"en-US","potentialAction":[{"@type":"ReadAction","target":["https:\/\/secure.dk\/en\/lamp\/"]}]},{"@type":"BreadcrumbList","@id":"https:\/\/secure.dk\/en\/lamp\/#breadcrumb","itemListElement":[{"@type":"ListItem","position":1,"name":"Hjem","item":"https:\/\/secure.dk\/en\/"},{"@type":"ListItem","position":2,"name":"Lamps"}]},{"@type":"WebSite","@id":"https:\/\/secure.dk\/en\/#website","url":"https:\/\/secure.dk\/en\/","name":"A\/S Secure Metalst\u00f8beri","description":"Vi tilbyder st\u00f8bning, bearbejdning og overfladebehandling i aluminium. 5 forskellige st\u00f8bemetoder + 3D print til prototyper. En leverand\u00f8r: Fra id\u00e9 til montage klart produkt...","potentialAction":[{"@type":"SearchAction","target":{"@type":"EntryPoint","urlTemplate":"https:\/\/secure.dk\/en\/?s={search_term_string}"},"query-input":"required name=search_term_string"}],"inLanguage":"en-US"}]}},"_links":{"self":[{"href":"https:\/\/secure.dk\/en\/wp-json\/wp\/v2\/pages\/1620"}],"collection":[{"href":"https:\/\/secure.dk\/en\/wp-json\/wp\/v2\/pages"}],"about":[{"href":"https:\/\/secure.dk\/en\/wp-json\/wp\/v2\/types\/page"}],"author":[{"embeddable":true,"href":"https:\/\/secure.dk\/en\/wp-json\/wp\/v2\/users\/1"}],"replies":[{"embeddable":true,"href":"https:\/\/secure.dk\/en\/wp-json\/wp\/v2\/comments?post=1620"}],"version-history":[{"count":7,"href":"https:\/\/secure.dk\/en\/wp-json\/wp\/v2\/pages\/1620\/revisions"}],"predecessor-version":[{"id":2168,"href":"https:\/\/secure.dk\/en\/wp-json\/wp\/v2\/pages\/1620\/revisions\/2168"}],"wp:attachment":[{"href":"https:\/\/secure.dk\/en\/wp-json\/wp\/v2\/media?parent=1620"}],"curies":[{"name":"wp","href":"https:\/\/api.w.org\/{rel}","templated":true}]}}