{"id":1607,"date":"2024-01-04T17:52:19","date_gmt":"2024-01-04T16:52:19","guid":{"rendered":"https:\/\/secure.dk\/data-skema\/"},"modified":"2024-01-09T17:12:52","modified_gmt":"2024-01-09T16:12:52","slug":"data-schema","status":"publish","type":"page","link":"https:\/\/secure.dk\/en\/data-schema\/","title":{"rendered":"Data-Schema"},"content":{"rendered":"","protected":false},"excerpt":{"rendered":"","protected":false},"author":2,"featured_media":0,"parent":0,"menu_order":0,"comment_status":"closed","ping_status":"closed","template":"","meta":[],"acf":[],"yoast_head":"<!-- This site is optimized with the Yoast SEO plugin v21.5 - https:\/\/yoast.com\/wordpress\/plugins\/seo\/ -->\n<title>Data-Schema - A\/S Secure Metalst\u00f8beri<\/title>\n<meta name=\"robots\" content=\"index, follow, max-snippet:-1, max-image-preview:large, max-video-preview:-1\" \/>\n<link rel=\"canonical\" href=\"https:\/\/secure.dk\/en\/data-schema\/\" \/>\n<meta property=\"og:locale\" content=\"en_US\" \/>\n<meta property=\"og:type\" content=\"article\" \/>\n<meta property=\"og:title\" content=\"Data-Schema - A\/S Secure Metalst\u00f8beri\" \/>\n<meta property=\"og:url\" content=\"https:\/\/secure.dk\/en\/data-schema\/\" \/>\n<meta property=\"og:site_name\" content=\"A\/S Secure Metalst\u00f8beri\" \/>\n<meta property=\"article:modified_time\" content=\"2024-01-09T16:12:52+00:00\" \/>\n<meta name=\"twitter:card\" content=\"summary_large_image\" \/>\n<!-- \/ Yoast SEO plugin. -->","yoast_head_json":{"title":"Data-Schema - A\/S Secure Metalst\u00f8beri","robots":{"index":"index","follow":"follow","max-snippet":"max-snippet:-1","max-image-preview":"max-image-preview:large","max-video-preview":"max-video-preview:-1"},"canonical":"https:\/\/secure.dk\/en\/data-schema\/","og_locale":"en_US","og_type":"article","og_title":"Data-Schema - A\/S Secure Metalst\u00f8beri","og_url":"https:\/\/secure.dk\/en\/data-schema\/","og_site_name":"A\/S Secure Metalst\u00f8beri","article_modified_time":"2024-01-09T16:12:52+00:00","twitter_card":"summary_large_image","schema":{"@context":"https:\/\/schema.org","@graph":[{"@type":"WebPage","@id":"https:\/\/secure.dk\/en\/data-schema\/","url":"https:\/\/secure.dk\/en\/data-schema\/","name":"Data-Schema - A\/S Secure Metalst\u00f8beri","isPartOf":{"@id":"https:\/\/secure.dk\/en\/#website"},"datePublished":"2024-01-04T16:52:19+00:00","dateModified":"2024-01-09T16:12:52+00:00","breadcrumb":{"@id":"https:\/\/secure.dk\/en\/data-schema\/#breadcrumb"},"inLanguage":"en-US","potentialAction":[{"@type":"ReadAction","target":["https:\/\/secure.dk\/en\/data-schema\/"]}]},{"@type":"BreadcrumbList","@id":"https:\/\/secure.dk\/en\/data-schema\/#breadcrumb","itemListElement":[{"@type":"ListItem","position":1,"name":"Hjem","item":"https:\/\/secure.dk\/en\/"},{"@type":"ListItem","position":2,"name":"Data-Schema"}]},{"@type":"WebSite","@id":"https:\/\/secure.dk\/en\/#website","url":"https:\/\/secure.dk\/en\/","name":"A\/S Secure Metalst\u00f8beri","description":"Vi tilbyder st\u00f8bning, bearbejdning og overfladebehandling i aluminium. 5 forskellige st\u00f8bemetoder + 3D print til prototyper. En leverand\u00f8r: Fra id\u00e9 til montage klart produkt...","potentialAction":[{"@type":"SearchAction","target":{"@type":"EntryPoint","urlTemplate":"https:\/\/secure.dk\/en\/?s={search_term_string}"},"query-input":"required name=search_term_string"}],"inLanguage":"en-US"}]}},"_links":{"self":[{"href":"https:\/\/secure.dk\/en\/wp-json\/wp\/v2\/pages\/1607"}],"collection":[{"href":"https:\/\/secure.dk\/en\/wp-json\/wp\/v2\/pages"}],"about":[{"href":"https:\/\/secure.dk\/en\/wp-json\/wp\/v2\/types\/page"}],"author":[{"embeddable":true,"href":"https:\/\/secure.dk\/en\/wp-json\/wp\/v2\/users\/2"}],"replies":[{"embeddable":true,"href":"https:\/\/secure.dk\/en\/wp-json\/wp\/v2\/comments?post=1607"}],"version-history":[{"count":2,"href":"https:\/\/secure.dk\/en\/wp-json\/wp\/v2\/pages\/1607\/revisions"}],"predecessor-version":[{"id":1734,"href":"https:\/\/secure.dk\/en\/wp-json\/wp\/v2\/pages\/1607\/revisions\/1734"}],"wp:attachment":[{"href":"https:\/\/secure.dk\/en\/wp-json\/wp\/v2\/media?parent=1607"}],"curies":[{"name":"wp","href":"https:\/\/api.w.org\/{rel}","templated":true}]}}