{"id":1581,"date":"2023-12-15T10:57:34","date_gmt":"2023-12-15T09:57:34","guid":{"rendered":"https:\/\/secure.dk\/stoebemetoder-dk\/"},"modified":"2024-01-10T12:12:21","modified_gmt":"2024-01-10T11:12:21","slug":"casting-methods-aluminum","status":"publish","type":"page","link":"https:\/\/secure.dk\/en\/casting-methods-aluminum\/","title":{"rendered":"Casting-Methods"},"content":{"rendered":"<p>&nbsp;<\/p>\n<p>&nbsp;<\/p>\n<p>&nbsp;<\/p>\n<p>&nbsp;<\/p>\n","protected":false},"excerpt":{"rendered":"<p>&nbsp; &nbsp; &nbsp; &nbsp;<\/p>\n","protected":false},"author":1,"featured_media":1471,"parent":0,"menu_order":0,"comment_status":"closed","ping_status":"closed","template":"","meta":[],"acf":[],"yoast_head":"<!-- This site is optimized with the Yoast SEO plugin v21.5 - https:\/\/yoast.com\/wordpress\/plugins\/seo\/ -->\n<title>One supplier - 5 casting methods - Aluminum Casting<\/title>\n<meta name=\"description\" content=\"We offer 5 different casting methods in aluminum: Sand Casting, Chill Casting, Low Pressure Casting, Pressure Casting, Precision Casting..\" \/>\n<meta name=\"robots\" content=\"index, follow, max-snippet:-1, max-image-preview:large, max-video-preview:-1\" \/>\n<link rel=\"canonical\" href=\"https:\/\/secure.dk\/en\/casting-methods-aluminum\/\" \/>\n<meta property=\"og:locale\" content=\"en_US\" \/>\n<meta property=\"og:type\" content=\"article\" \/>\n<meta property=\"og:title\" content=\"One supplier - 5 casting methods - Aluminum Casting\" \/>\n<meta property=\"og:description\" content=\"We offer 5 different casting methods in aluminum: Sand Casting, Chill Casting, Low Pressure Casting, Pressure Casting, Precision Casting..\" \/>\n<meta property=\"og:url\" content=\"https:\/\/secure.dk\/en\/casting-methods-aluminum\/\" \/>\n<meta property=\"og:site_name\" content=\"A\/S Secure Metalst\u00f8beri\" \/>\n<meta property=\"article:modified_time\" content=\"2024-01-10T11:12:21+00:00\" \/>\n<meta property=\"og:image\" content=\"https:\/\/secure.dk\/wp-content\/uploads\/2023\/12\/08062020-061147lgfzs.jpg\" \/>\n\t<meta property=\"og:image:width\" content=\"570\" \/>\n\t<meta property=\"og:image:height\" content=\"400\" \/>\n\t<meta property=\"og:image:type\" content=\"image\/jpeg\" \/>\n<meta name=\"twitter:card\" content=\"summary_large_image\" \/>\n<!-- \/ Yoast SEO plugin. -->","yoast_head_json":{"title":"One supplier - 5 casting methods - Aluminum Casting","description":"We offer 5 different casting methods in aluminum: Sand Casting, Chill Casting, Low Pressure Casting, Pressure Casting, Precision Casting..","robots":{"index":"index","follow":"follow","max-snippet":"max-snippet:-1","max-image-preview":"max-image-preview:large","max-video-preview":"max-video-preview:-1"},"canonical":"https:\/\/secure.dk\/en\/casting-methods-aluminum\/","og_locale":"en_US","og_type":"article","og_title":"One supplier - 5 casting methods - Aluminum Casting","og_description":"We offer 5 different casting methods in aluminum: Sand Casting, Chill Casting, Low Pressure Casting, Pressure Casting, Precision Casting..","og_url":"https:\/\/secure.dk\/en\/casting-methods-aluminum\/","og_site_name":"A\/S Secure Metalst\u00f8beri","article_modified_time":"2024-01-10T11:12:21+00:00","og_image":[{"width":570,"height":400,"url":"https:\/\/secure.dk\/wp-content\/uploads\/2023\/12\/08062020-061147lgfzs.jpg","type":"image\/jpeg"}],"twitter_card":"summary_large_image","schema":{"@context":"https:\/\/schema.org","@graph":[{"@type":"WebPage","@id":"https:\/\/secure.dk\/en\/casting-methods-aluminum\/","url":"https:\/\/secure.dk\/en\/casting-methods-aluminum\/","name":"One supplier - 5 casting methods - Aluminum Casting","isPartOf":{"@id":"https:\/\/secure.dk\/en\/#website"},"datePublished":"2023-12-15T09:57:34+00:00","dateModified":"2024-01-10T11:12:21+00:00","description":"We offer 5 different casting methods in aluminum: Sand Casting, Chill Casting, Low Pressure Casting, Pressure Casting, Precision Casting..","breadcrumb":{"@id":"https:\/\/secure.dk\/en\/casting-methods-aluminum\/#breadcrumb"},"inLanguage":"en-US","potentialAction":[{"@type":"ReadAction","target":["https:\/\/secure.dk\/en\/casting-methods-aluminum\/"]}]},{"@type":"BreadcrumbList","@id":"https:\/\/secure.dk\/en\/casting-methods-aluminum\/#breadcrumb","itemListElement":[{"@type":"ListItem","position":1,"name":"Hjem","item":"https:\/\/secure.dk\/en\/"},{"@type":"ListItem","position":2,"name":"Casting-Methods"}]},{"@type":"WebSite","@id":"https:\/\/secure.dk\/en\/#website","url":"https:\/\/secure.dk\/en\/","name":"A\/S Secure Metalst\u00f8beri","description":"Vi tilbyder st\u00f8bning, bearbejdning og overfladebehandling i aluminium. 5 forskellige st\u00f8bemetoder + 3D print til prototyper. En leverand\u00f8r: Fra id\u00e9 til montage klart produkt...","potentialAction":[{"@type":"SearchAction","target":{"@type":"EntryPoint","urlTemplate":"https:\/\/secure.dk\/en\/?s={search_term_string}"},"query-input":"required name=search_term_string"}],"inLanguage":"en-US"}]}},"_links":{"self":[{"href":"https:\/\/secure.dk\/en\/wp-json\/wp\/v2\/pages\/1581"}],"collection":[{"href":"https:\/\/secure.dk\/en\/wp-json\/wp\/v2\/pages"}],"about":[{"href":"https:\/\/secure.dk\/en\/wp-json\/wp\/v2\/types\/page"}],"author":[{"embeddable":true,"href":"https:\/\/secure.dk\/en\/wp-json\/wp\/v2\/users\/1"}],"replies":[{"embeddable":true,"href":"https:\/\/secure.dk\/en\/wp-json\/wp\/v2\/comments?post=1581"}],"version-history":[{"count":7,"href":"https:\/\/secure.dk\/en\/wp-json\/wp\/v2\/pages\/1581\/revisions"}],"predecessor-version":[{"id":1692,"href":"https:\/\/secure.dk\/en\/wp-json\/wp\/v2\/pages\/1581\/revisions\/1692"}],"wp:featuredmedia":[{"embeddable":true,"href":"https:\/\/secure.dk\/en\/wp-json\/wp\/v2\/media\/1471"}],"wp:attachment":[{"href":"https:\/\/secure.dk\/en\/wp-json\/wp\/v2\/media?parent=1581"}],"curies":[{"name":"wp","href":"https:\/\/api.w.org\/{rel}","templated":true}]}}